{"id":229,"date":"2020-11-23T19:30:36","date_gmt":"2020-11-23T18:30:36","guid":{"rendered":"http:\/\/boutique.sastriathlon37.com\/?post_type=product&#038;p=229"},"modified":"2026-04-03T19:36:46","modified_gmt":"2026-04-03T17:36:46","slug":"cuissard-homme-et-enfant-kyle","status":"publish","type":"product","link":"http:\/\/boutique.sastriathlon37.com\/index.php\/produit\/cuissard-homme-et-enfant-kyle\/","title":{"rendered":"Cuissard homme et enfant &#8211; KYLE"},"content":{"rendered":"<p>Le cuissard de cyclisme KYLE est <strong>id\u00e9al pour l\u2019\u00e9t\u00e9<\/strong>. Sa conception en <strong>coutures plates<\/strong> et <strong>sans couture \u00e0 l\u2019entrejambe<\/strong> favorise le <strong>confort<\/strong>. En maille T<strong>echnologie XTENS\u00ae<\/strong>\u00a0extensible, l\u00e9g\u00e8re et respirante, ce cuissard v\u00e9lo propose un <strong>bon maintien musculaire<\/strong> accentu\u00e9 par sa d\u00e9coupe avant et sa large bande\u00a0<strong>antiglisse avec silicone<\/strong> aux cuisses.<\/p>\n<ul>\n<li>Coupe \u00e9pousant parfaitement votre morphologie<\/li>\n<li>Base unie, <strong>extensible et respirante<\/strong> avec la technologie Lycra Sport\u00ae 210gr<\/li>\n<li><strong>Bretelles souples et a\u00e9r\u00e9es<\/strong> en microfibre<\/li>\n<li>Sans couture entrejambe et coutures plates pour <strong>\u00e9viter les frottements<\/strong><\/li>\n<li>Bande <strong>antiglisse large<\/strong> (6,5cm) avec silicone pour un <strong>meilleur confort et maintien<\/strong> du muscle<\/li>\n<\/ul>\n<p><a href=\"http:\/\/boutique.sastriathlon37.com\/wp-content\/uploads\/2020\/11\/guide-taille-poli.jpg\" target=\"_blank\" rel=\"noopener\">Consultez le guide des tailles <\/a><\/p>\n<p><img decoding=\"async\" loading=\"lazy\" class=\"alignnone size-medium wp-image-1049\" src=\"http:\/\/boutique.sastriathlon37.com\/wp-content\/uploads\/2020\/11\/guide-taille-poli-300x264.jpg\" alt=\"\" width=\"300\" height=\"264\" srcset=\"http:\/\/boutique.sastriathlon37.com\/wp-content\/uploads\/2020\/11\/guide-taille-poli-300x264.jpg 300w, http:\/\/boutique.sastriathlon37.com\/wp-content\/uploads\/2020\/11\/guide-taille-poli-768x675.jpg 768w, http:\/\/boutique.sastriathlon37.com\/wp-content\/uploads\/2020\/11\/guide-taille-poli-600x527.jpg 600w, http:\/\/boutique.sastriathlon37.com\/wp-content\/uploads\/2020\/11\/guide-taille-poli.jpg 900w\" sizes=\"(max-width: 300px) 100vw, 300px\" \/><\/p>\n<p>&nbsp;<\/p>\n","protected":false},"excerpt":{"rendered":"<p>Le cuissard de cyclisme KYLE est id\u00e9al pour l\u2019\u00e9t\u00e9. Sa conception en coutures plates et sans couture \u00e0 l\u2019entrejambe favorise le confort. En maille Technologie XTENS\u00ae\u00a0extensible, l\u00e9g\u00e8re et respirante, ce cuissard v\u00e9lo propose un bon maintien musculaire accentu\u00e9 par sa d\u00e9coupe avant et sa large bande\u00a0antiglisse avec silicone aux cuisses. Coupe \u00e9pousant parfaitement votre morphologie <a class=\"read-more\" href=\"http:\/\/boutique.sastriathlon37.com\/index.php\/produit\/cuissard-homme-et-enfant-kyle\/\">READ MORE<\/a><\/p>\n","protected":false},"featured_media":674,"template":"","meta":[],"product_cat":[31,19,18,22],"product_tag":[],"jetpack_sharing_enabled":true,"_links":{"self":[{"href":"http:\/\/boutique.sastriathlon37.com\/index.php\/wp-json\/wp\/v2\/product\/229"}],"collection":[{"href":"http:\/\/boutique.sastriathlon37.com\/index.php\/wp-json\/wp\/v2\/product"}],"about":[{"href":"http:\/\/boutique.sastriathlon37.com\/index.php\/wp-json\/wp\/v2\/types\/product"}],"wp:featuredmedia":[{"embeddable":true,"href":"http:\/\/boutique.sastriathlon37.com\/index.php\/wp-json\/wp\/v2\/media\/674"}],"wp:attachment":[{"href":"http:\/\/boutique.sastriathlon37.com\/index.php\/wp-json\/wp\/v2\/media?parent=229"}],"wp:term":[{"taxonomy":"product_cat","embeddable":true,"href":"http:\/\/boutique.sastriathlon37.com\/index.php\/wp-json\/wp\/v2\/product_cat?post=229"},{"taxonomy":"product_tag","embeddable":true,"href":"http:\/\/boutique.sastriathlon37.com\/index.php\/wp-json\/wp\/v2\/product_tag?post=229"}],"curies":[{"name":"wp","href":"https:\/\/api.w.org\/{rel}","templated":true}]}}