{"id":245,"date":"2020-11-23T19:36:41","date_gmt":"2020-11-23T18:36:41","guid":{"rendered":"http:\/\/boutique.sastriathlon37.com\/?post_type=product&#038;p=245"},"modified":"2025-12-14T18:34:03","modified_gmt":"2025-12-14T17:34:03","slug":"cuissard-femme-zinia","status":"publish","type":"product","link":"http:\/\/boutique.sastriathlon37.com\/index.php\/produit\/cuissard-femme-zinia\/","title":{"rendered":"Cuissard femme &#8211; ZINIA"},"content":{"rendered":"<p>Le cuissard cycliste femme ZINIA est la <strong>version f\u00e9minine<\/strong> du cuissard homme KYLE. <strong>L\u00e9ger, extensible et respirant<\/strong>, il \u00e9pouse parfaitement la morphologie f\u00e9minine. Con\u00e7u en <strong>coutures plates\u00a0<\/strong>et <strong>sans couture \u00e0 l\u2019entrejambe<\/strong>, il est synonyme de<strong> confort et performance<\/strong>. Il est propos\u00e9 avec <strong>bretelles a\u00e9r\u00e9es<\/strong> en microfibre ou bien sans bretelles, fini avec un \u00e9lastique<strong> antiglisse silicone<\/strong> au dos \u00e0 la taille.<\/p>\n<ul>\n<li>Cuissard sp\u00e9cial <strong>femme<\/strong><\/li>\n<li>Coupe \u00e9pousant parfaitement votre morphologie<\/li>\n<li>Mati\u00e8re <strong>l\u00e9g\u00e8re, extensible et respirante<\/strong><\/li>\n<li>Base unie avec la<strong>\u00a0Technologie Lycra Sport\u00ae 210gr<\/strong><\/li>\n<li><strong>Bretelles souples et a\u00e9r\u00e9es<\/strong> en microfibre<\/li>\n<li>Sans couture entrejambe et coutures plates pour <strong>\u00e9viter les frottements<\/strong><\/li>\n<li>Longueur entrejambe : 21.5 cm (T3)<\/li>\n<li>Large bande cuisse avec<strong> antiglisse silicone<\/strong> pour un meilleur <strong>confort et maintien du muscle<\/strong><\/li>\n<li>Ruban r\u00e9flecto dans le dos c\u00f4t\u00e9 route pour la s\u00e9curit\u00e9<\/li>\n<\/ul>\n<p><a href=\"http:\/\/boutique.sastriathlon37.com\/wp-content\/uploads\/2025\/01\/Guide_des_tailles_POLI_sept_2023.pdf\" target=\"_blank\" rel=\"noopener\">Consultez le guide des tailles <\/a><\/p>\n<p><a href=\"http:\/\/boutique.sastriathlon37.com\/wp-content\/uploads\/2025\/01\/Guide_des_tailles_POLI_sept_2023.pdf\" target=\"_blank\" rel=\"noopener\"><img decoding=\"async\" loading=\"lazy\" class=\"alignnone wp-image-995 size-medium\" src=\"http:\/\/boutique.sastriathlon37.com\/wp-content\/uploads\/2020\/11\/guide-tailles-femmes-300x192.jpg\" alt=\"\" width=\"300\" height=\"192\" srcset=\"http:\/\/boutique.sastriathlon37.com\/wp-content\/uploads\/2020\/11\/guide-tailles-femmes-300x192.jpg 300w, http:\/\/boutique.sastriathlon37.com\/wp-content\/uploads\/2020\/11\/guide-tailles-femmes-1024x657.jpg 1024w, http:\/\/boutique.sastriathlon37.com\/wp-content\/uploads\/2020\/11\/guide-tailles-femmes-768x493.jpg 768w, http:\/\/boutique.sastriathlon37.com\/wp-content\/uploads\/2020\/11\/guide-tailles-femmes-1536x985.jpg 1536w, http:\/\/boutique.sastriathlon37.com\/wp-content\/uploads\/2020\/11\/guide-tailles-femmes-600x385.jpg 600w, http:\/\/boutique.sastriathlon37.com\/wp-content\/uploads\/2020\/11\/guide-tailles-femmes.jpg 1840w\" sizes=\"(max-width: 300px) 100vw, 300px\" \/><\/a><\/p>\n<p>&nbsp;<\/p>\n","protected":false},"excerpt":{"rendered":"<p>Le cuissard cycliste femme ZINIA est la version f\u00e9minine du cuissard homme KYLE. L\u00e9ger, extensible et respirant, il \u00e9pouse parfaitement la morphologie f\u00e9minine. Con\u00e7u en coutures plates\u00a0et sans couture \u00e0 l\u2019entrejambe, il est synonyme de confort et performance. Il est propos\u00e9 avec bretelles a\u00e9r\u00e9es en microfibre ou bien sans bretelles, fini avec un \u00e9lastique antiglisse <a class=\"read-more\" href=\"http:\/\/boutique.sastriathlon37.com\/index.php\/produit\/cuissard-femme-zinia\/\">READ MORE<\/a><\/p>\n","protected":false},"featured_media":667,"template":"","meta":[],"product_cat":[16,17,22],"product_tag":[],"jetpack_sharing_enabled":true,"_links":{"self":[{"href":"http:\/\/boutique.sastriathlon37.com\/index.php\/wp-json\/wp\/v2\/product\/245"}],"collection":[{"href":"http:\/\/boutique.sastriathlon37.com\/index.php\/wp-json\/wp\/v2\/product"}],"about":[{"href":"http:\/\/boutique.sastriathlon37.com\/index.php\/wp-json\/wp\/v2\/types\/product"}],"wp:featuredmedia":[{"embeddable":true,"href":"http:\/\/boutique.sastriathlon37.com\/index.php\/wp-json\/wp\/v2\/media\/667"}],"wp:attachment":[{"href":"http:\/\/boutique.sastriathlon37.com\/index.php\/wp-json\/wp\/v2\/media?parent=245"}],"wp:term":[{"taxonomy":"product_cat","embeddable":true,"href":"http:\/\/boutique.sastriathlon37.com\/index.php\/wp-json\/wp\/v2\/product_cat?post=245"},{"taxonomy":"product_tag","embeddable":true,"href":"http:\/\/boutique.sastriathlon37.com\/index.php\/wp-json\/wp\/v2\/product_tag?post=245"}],"curies":[{"name":"wp","href":"https:\/\/api.w.org\/{rel}","templated":true}]}}