{"id":261,"date":"2020-11-23T19:42:56","date_gmt":"2020-11-23T18:42:56","guid":{"rendered":"http:\/\/boutique.sastriathlon37.com\/?post_type=product&#038;p=261"},"modified":"2025-11-23T20:00:35","modified_gmt":"2025-11-23T19:00:35","slug":"collant-long-hiver-femme-meg","status":"publish","type":"product","link":"http:\/\/boutique.sastriathlon37.com\/index.php\/produit\/collant-long-hiver-femme-meg\/","title":{"rendered":"Collant long hiver femme &#8211; MEG"},"content":{"rendered":"<p>Le collant de cyclisme <strong>femme<\/strong> MEG est id\u00e9al pour prendre la route en <strong>hiver<\/strong>. Gr\u00e2ce \u00e0 l\u2019utilisation de la technologie ThermoXTENS\u00ae, tr\u00e8s <strong>chaude et isolante<\/strong>, il permet de ne pas souffrir du froid. Ce collant de cyclisme \u00e9pouse parfaitement votre morphologie tout en offrant<strong> confort et maintien<\/strong>.<\/p>\n<ul>\n<li>Coupe \u00e9pousant parfaitement votre morphologie<\/li>\n<li>Mati\u00e8re<strong> chaude, isolante et respirante<\/strong> avec la<strong>\u00a0Technologie ThermoXTENS\u00ae<\/strong><\/li>\n<li>Base unie en ThermoXTENS\u00ae 250g<\/li>\n<li><strong>Bretelles souples et a\u00e9r\u00e9es<\/strong> en microfibre<\/li>\n<li>Sans couture entrejambe pour<strong> \u00e9viter les frottements<\/strong><\/li>\n<li>Plusieurs choix de peaux disponibles<\/li>\n<li><strong>Fermeture bas de jambe<\/strong> 15 cm (zip autobloquant YKK\/ garantie 1 an)<\/li>\n<li>Ruban r\u00e9flecto dans le dos c\u00f4t\u00e9 route pour la s\u00e9curit\u00e9<\/li>\n<li><strong>Bandes antiglisse<\/strong> aux chevilles<\/li>\n<\/ul>\n<p><a href=\"http:\/\/boutique.sastriathlon37.com\/wp-content\/uploads\/2025\/01\/Guide_des_tailles_POLI_sept_2023.pdf\" target=\"_blank\" rel=\"noopener\">Consultez le guide des tailles <\/a><\/p>\n<p><a href=\"http:\/\/boutique.sastriathlon37.com\/wp-content\/uploads\/2025\/01\/Guide_des_tailles_POLI_sept_2023.pdf\" target=\"_blank\" rel=\"noopener\"><img decoding=\"async\" loading=\"lazy\" class=\"alignnone wp-image-995 size-medium\" src=\"http:\/\/boutique.sastriathlon37.com\/wp-content\/uploads\/2020\/11\/guide-tailles-femmes-300x192.jpg\" alt=\"\" width=\"300\" height=\"192\" srcset=\"http:\/\/boutique.sastriathlon37.com\/wp-content\/uploads\/2020\/11\/guide-tailles-femmes-300x192.jpg 300w, http:\/\/boutique.sastriathlon37.com\/wp-content\/uploads\/2020\/11\/guide-tailles-femmes-1024x657.jpg 1024w, http:\/\/boutique.sastriathlon37.com\/wp-content\/uploads\/2020\/11\/guide-tailles-femmes-768x493.jpg 768w, http:\/\/boutique.sastriathlon37.com\/wp-content\/uploads\/2020\/11\/guide-tailles-femmes-1536x985.jpg 1536w, http:\/\/boutique.sastriathlon37.com\/wp-content\/uploads\/2020\/11\/guide-tailles-femmes-600x385.jpg 600w, http:\/\/boutique.sastriathlon37.com\/wp-content\/uploads\/2020\/11\/guide-tailles-femmes.jpg 1840w\" sizes=\"(max-width: 300px) 100vw, 300px\" \/><\/a><\/p>\n<p>&nbsp;<\/p>\n","protected":false},"excerpt":{"rendered":"<p>Le collant de cyclisme femme MEG est id\u00e9al pour prendre la route en hiver. Gr\u00e2ce \u00e0 l\u2019utilisation de la technologie ThermoXTENS\u00ae, tr\u00e8s chaude et isolante, il permet de ne pas souffrir du froid. Ce collant de cyclisme \u00e9pouse parfaitement votre morphologie tout en offrant confort et maintien. Coupe \u00e9pousant parfaitement votre morphologie Mati\u00e8re chaude, isolante <a class=\"read-more\" href=\"http:\/\/boutique.sastriathlon37.com\/index.php\/produit\/collant-long-hiver-femme-meg\/\">READ MORE<\/a><\/p>\n","protected":false},"featured_media":666,"template":"","meta":[],"product_cat":[16,17,22],"product_tag":[],"jetpack_sharing_enabled":true,"_links":{"self":[{"href":"http:\/\/boutique.sastriathlon37.com\/index.php\/wp-json\/wp\/v2\/product\/261"}],"collection":[{"href":"http:\/\/boutique.sastriathlon37.com\/index.php\/wp-json\/wp\/v2\/product"}],"about":[{"href":"http:\/\/boutique.sastriathlon37.com\/index.php\/wp-json\/wp\/v2\/types\/product"}],"wp:featuredmedia":[{"embeddable":true,"href":"http:\/\/boutique.sastriathlon37.com\/index.php\/wp-json\/wp\/v2\/media\/666"}],"wp:attachment":[{"href":"http:\/\/boutique.sastriathlon37.com\/index.php\/wp-json\/wp\/v2\/media?parent=261"}],"wp:term":[{"taxonomy":"product_cat","embeddable":true,"href":"http:\/\/boutique.sastriathlon37.com\/index.php\/wp-json\/wp\/v2\/product_cat?post=261"},{"taxonomy":"product_tag","embeddable":true,"href":"http:\/\/boutique.sastriathlon37.com\/index.php\/wp-json\/wp\/v2\/product_tag?post=261"}],"curies":[{"name":"wp","href":"https:\/\/api.w.org\/{rel}","templated":true}]}}