{"id":52,"date":"2020-11-22T20:16:07","date_gmt":"2020-11-22T19:16:07","guid":{"rendered":"http:\/\/boutique.sastriathlon37.com\/?post_type=product&#038;p=52"},"modified":"2026-04-04T07:51:23","modified_gmt":"2026-04-04T05:51:23","slug":"trifonction-courte-distance-femme-sireen","status":"publish","type":"product","link":"http:\/\/boutique.sastriathlon37.com\/index.php\/produit\/trifonction-courte-distance-femme-sireen\/","title":{"rendered":"Trifonction courte distance femme premium &#8211; SIREEN"},"content":{"rendered":"<p>La combinaison <strong>trifontion<\/strong> pour femme <strong>SIREEN\u00a0<\/strong>est faite fabriqu\u00e9e dans des mati\u00e8res de <strong>haute performance<\/strong>, cette combinaison \u00e9pouse parfaitement les formes du corps et offre une grande libert\u00e9 de mouvement pour les 3 sports. Avec son <strong>poids plume<\/strong>, son tissu qui <strong>s\u00e8che tr\u00e8s rapidement<\/strong>, un <strong>dos style nageur<\/strong> et un syst\u00e8me <strong>anti-glisse silicon\u00e9<\/strong> sur le bas des cuisses, vous pourrez pratiquer le triathlon dans les meilleures conditions.<\/p>\n<ul>\n<li><strong>Combinaison femme technique<\/strong>\u00a0pour le triathlon<\/li>\n<li>Coupe pr\u00e8s du corps \u00e9pousant parfaitement votre morphologie<\/li>\n<li><strong>Mati\u00e8re unie de tr\u00e8s haute performance<\/strong>\u00a0avec\u00a0<strong>technologie XTENS Lycra Sport\u00ae<\/strong>\u00a0210g trait\u00e9 <strong>DWR\u00ae<\/strong> sur les parties les + expos\u00e9es \u00e0 l&rsquo;eau<\/li>\n<li><strong>Seconde peau &#8211; Poids plume &#8211; S\u00e9chage tr\u00e8s rapide &#8211; R\u00e9sistant au chlore &#8211; Hydrophobe<\/strong><\/li>\n<li>Dos style nageur<\/li>\n<li>Finitions Biais lycra aux\u00a0emmanchures et encolure\u00a0en colletage uni<\/li>\n<li>Bandeau \u00e9lastique bas de cuissard avec silicone qui maintient le muscle<\/li>\n<\/ul>\n<p>&nbsp;<\/p>\n<p><a href=\"http:\/\/boutique.sastriathlon37.com\/wp-content\/uploads\/2020\/11\/guide-taille-poli.jpg\" target=\"_blank\" rel=\"noopener\">Consultez le guide des tailles <\/a><\/p>\n<p><img decoding=\"async\" loading=\"lazy\" class=\"alignnone size-medium wp-image-1049\" src=\"http:\/\/boutique.sastriathlon37.com\/wp-content\/uploads\/2020\/11\/guide-taille-poli-300x264.jpg\" alt=\"\" width=\"300\" height=\"264\" srcset=\"http:\/\/boutique.sastriathlon37.com\/wp-content\/uploads\/2020\/11\/guide-taille-poli-300x264.jpg 300w, http:\/\/boutique.sastriathlon37.com\/wp-content\/uploads\/2020\/11\/guide-taille-poli-768x675.jpg 768w, http:\/\/boutique.sastriathlon37.com\/wp-content\/uploads\/2020\/11\/guide-taille-poli-600x527.jpg 600w, http:\/\/boutique.sastriathlon37.com\/wp-content\/uploads\/2020\/11\/guide-taille-poli.jpg 900w\" sizes=\"(max-width: 300px) 100vw, 300px\" \/><\/p>\n","protected":false},"excerpt":{"rendered":"<p>La combinaison trifontion pour femme SIREEN\u00a0est faite fabriqu\u00e9e dans des mati\u00e8res de haute performance, cette combinaison \u00e9pouse parfaitement les formes du corps et offre une grande libert\u00e9 de mouvement pour les 3 sports. Avec son poids plume, son tissu qui s\u00e8che tr\u00e8s rapidement, un dos style nageur et un syst\u00e8me anti-glisse silicon\u00e9 sur le bas <a class=\"read-more\" href=\"http:\/\/boutique.sastriathlon37.com\/index.php\/produit\/trifonction-courte-distance-femme-sireen\/\">READ MORE<\/a><\/p>\n","protected":false},"featured_media":1074,"template":"","meta":[],"product_cat":[31,17,26],"product_tag":[],"jetpack_sharing_enabled":true,"_links":{"self":[{"href":"http:\/\/boutique.sastriathlon37.com\/index.php\/wp-json\/wp\/v2\/product\/52"}],"collection":[{"href":"http:\/\/boutique.sastriathlon37.com\/index.php\/wp-json\/wp\/v2\/product"}],"about":[{"href":"http:\/\/boutique.sastriathlon37.com\/index.php\/wp-json\/wp\/v2\/types\/product"}],"wp:featuredmedia":[{"embeddable":true,"href":"http:\/\/boutique.sastriathlon37.com\/index.php\/wp-json\/wp\/v2\/media\/1074"}],"wp:attachment":[{"href":"http:\/\/boutique.sastriathlon37.com\/index.php\/wp-json\/wp\/v2\/media?parent=52"}],"wp:term":[{"taxonomy":"product_cat","embeddable":true,"href":"http:\/\/boutique.sastriathlon37.com\/index.php\/wp-json\/wp\/v2\/product_cat?post=52"},{"taxonomy":"product_tag","embeddable":true,"href":"http:\/\/boutique.sastriathlon37.com\/index.php\/wp-json\/wp\/v2\/product_tag?post=52"}],"curies":[{"name":"wp","href":"https:\/\/api.w.org\/{rel}","templated":true}]}}