{"id":2,"date":"2020-11-22T16:56:29","date_gmt":"2020-11-22T15:56:29","guid":{"rendered":"http:\/\/boutique.sastriathlon37.com\/?page_id=2"},"modified":"2023-10-28T08:43:23","modified_gmt":"2023-10-28T06:43:23","slug":"page-d-exemple","status":"publish","type":"page","link":"https:\/\/boutique.sastriathlon37.com\/","title":{"rendered":"Bienvenue sur la boutique du SAS Triathlon"},"content":{"rendered":"\n<h2 class=\"wp-block-heading\"><strong><span style=\"background-color:rgba(0, 0, 0, 0);color:#02a69c\" class=\"has-inline-color\">Bienvenue sur la boutique du SAS Triathlon<\/span><\/strong><\/h2>\n\n\n\n<p class=\"has-text-align-justify\">Vous trouverez dans cette boutique toutes les tenues du SAS triathlon avec notre nouvelle identit\u00e9 visuelle.<\/p>\n\n\n\n<p>Cette boutique est r\u00e9serv\u00e9e uniquement aux membres du SAS Triathlon. Elle vous permettra de commander vos tenues pour la saison \u00e0 venir.<\/p>\n\n\n\n<p>Nous passons une commande de r\u00e9approvisionnement \u00e0 nos fournisseurs le 15 novembre prochain.<\/p>\n\n\n\n<p>La gamme de produits va s&rsquo;\u00e9toffer au fil des mois. <\/p>\n\n\n\n<p>Nous sommes preneur de toute remarque permettant d&rsquo;am\u00e9liorer le service aux adh\u00e9rents.<\/p>\n\n\n\n<p class=\"has-text-align-right\"><strong>Le bureau<\/strong><\/p>\n","protected":false},"excerpt":{"rendered":"<p>Bienvenue sur la boutique du SAS Triathlon Vous trouverez dans cette boutique toutes les tenues du SAS triathlon avec notre nouvelle identit\u00e9 visuelle. Cette boutique est r\u00e9serv\u00e9e uniquement aux membres du SAS Triathlon. Elle vous permettra de commander vos tenues pour la saison \u00e0 venir. Nous passons une commande de r\u00e9approvisionnement \u00e0 nos fournisseurs le <a class=\"read-more\" href=\"https:\/\/boutique.sastriathlon37.com\/\">READ MORE<\/a><\/p>\n","protected":false},"author":1,"featured_media":0,"parent":0,"menu_order":0,"comment_status":"closed","ping_status":"open","template":"","meta":{"footnotes":""},"jetpack_sharing_enabled":true,"_links":{"self":[{"href":"https:\/\/boutique.sastriathlon37.com\/index.php\/wp-json\/wp\/v2\/pages\/2"}],"collection":[{"href":"https:\/\/boutique.sastriathlon37.com\/index.php\/wp-json\/wp\/v2\/pages"}],"about":[{"href":"https:\/\/boutique.sastriathlon37.com\/index.php\/wp-json\/wp\/v2\/types\/page"}],"author":[{"embeddable":true,"href":"https:\/\/boutique.sastriathlon37.com\/index.php\/wp-json\/wp\/v2\/users\/1"}],"replies":[{"embeddable":true,"href":"https:\/\/boutique.sastriathlon37.com\/index.php\/wp-json\/wp\/v2\/comments?post=2"}],"version-history":[{"count":7,"href":"https:\/\/boutique.sastriathlon37.com\/index.php\/wp-json\/wp\/v2\/pages\/2\/revisions"}],"predecessor-version":[{"id":827,"href":"https:\/\/boutique.sastriathlon37.com\/index.php\/wp-json\/wp\/v2\/pages\/2\/revisions\/827"}],"wp:attachment":[{"href":"https:\/\/boutique.sastriathlon37.com\/index.php\/wp-json\/wp\/v2\/media?parent=2"}],"curies":[{"name":"wp","href":"https:\/\/api.w.org\/{rel}","templated":true}]}}