{"id":3,"date":"2020-11-22T16:56:29","date_gmt":"2020-11-22T15:56:29","guid":{"rendered":"http:\/\/boutique.sastriathlon37.com\/?page_id=3"},"modified":"2020-11-24T21:10:34","modified_gmt":"2020-11-24T20:10:34","slug":"politique-de-confidentialite","status":"publish","type":"page","link":"https:\/\/boutique.sastriathlon37.com\/index.php\/politique-de-confidentialite\/","title":{"rendered":"CGV et confidentialit\u00e9"},"content":{"rendered":"\n<p>La section triathlon de l\u2019association Saint Avertin Sport propose \u00e0 la vente des produits destin\u00e9s \u00e0 la pratique du triathlon.<br>Les offres sont valables dans la limite des stocks disponibles et pour autant qu\u2019elles figurent sur le site.<br>La vente n\u2019est propos\u00e9e que pour les adh\u00e9rents de la section triathlon du Saint-Avertin-Sports.<br>En passant commande sur le site, nos clients reconnaissent en avoir pris connaissance et les avoir accept\u00e9es.<\/p>\n\n\n\n<p class=\"has-text-color has-medium-font-size\" style=\"color:#02a69c\"><strong>Donn\u00e9es personnelles :<\/strong><\/p>\n\n\n\n<p>Les donn\u00e9es collect\u00e9es ne sont utilis\u00e9es que pour pouvoir honorer la commande ; elles sont accessibles par les personnes charg\u00e9es de la pr\u00e9paration et de l\u2019envoi de la commande. Elles peuvent \u00eatre transmises aux \u00e9tablissements bancaires pour ex\u00e9cution du paiement.<br>Le responsable de la section est le pr\u00e9sident de la section triathlon du Saint Avertin Sport.<br>Conform\u00e9ment \u00e0 la Loi informatique et Libert\u00e9s du 6 janvier 1978, un droit d\u2019acc\u00e8s et de rectification est possible en nous contactant \u00e0 l\u2019adresse suivante contact@sastriathlon37.com<\/p>\n\n\n\n<p class=\"has-text-color has-medium-font-size\" style=\"color:#02a69c\"><strong>Objet :<\/strong><\/p>\n\n\n\n<p>Les pr\u00e9sentes conditions g\u00e9n\u00e9rales de vente r\u00e9gissent\u00a0 exclusivement les ventes r\u00e9alis\u00e9es sur son site internet par l\u2019association SAS triathlon 31 rue Joliot Curie 37550 Saint Avertin et dont le pr\u00e9sident est Gr\u00e9gory COU\u00c9.<\/p>\n\n\n\n<p class=\"has-text-color has-medium-font-size\" style=\"color:#02a69c\"><strong>Produits :<\/strong><\/p>\n\n\n\n<p>Les produits propos\u00e9s sont n\u00e9cessaires \u00e0 la pratique du triathlon.<\/p>\n\n\n\n<p class=\"has-text-color has-medium-font-size\" style=\"color:#02a69c\"><strong>Prix :<\/strong><\/p>\n\n\n\n<p>Les prix sont indiqu\u00e9s en euros TTC hors frais d\u2019envoi ; ce sont les prix en vigueur au moment de la commande qui sont applicables \u00e0 celle-ci.<\/p>\n\n\n\n<p class=\"has-text-color has-medium-font-size\" style=\"color:#02a69c\"><strong>Les commandes :<\/strong><\/p>\n\n\n\n<p>Le processus de commande comprend plusieurs \u00e9tapes :<br>1) L\u2019internaute s\u00e9lectionne sur le site les produits qu\u2019il choisit et indique la quantit\u00e9 d\u00e9sir\u00e9e ; <\/p>\n\n\n\n<p>2) Un r\u00e9capitulatif de sa commande lui est propos\u00e9 ; l\u2019internaute a la possibilit\u00e9 de rectifier sa commande<br>3) L\u2019internaute valide sa commande : en confirmant la commande, l\u2019internaute reconnait son obligation de paiement<br>4) Une fois la commande valid\u00e9e, le SAS Triathlon envoie dans les meilleurs d\u00e9lais un accus\u00e9 de r\u00e9ception de la commande.<\/p>\n\n\n\n<p class=\"has-text-color has-medium-font-size\" style=\"color:#02a69c\"><strong>Paiement :<\/strong><\/p>\n\n\n\n<p>Le paiement en ligne peut se faire par carte bancaire sur la plateforme de paiement en ligne HelloAsso ; vos informations de paiement ne seront pas conserv\u00e9es apr\u00e8s le paiement.<br>Le paiement par ch\u00e8que est admis ; il doit \u00eatre envoy\u00e9 dans les meilleurs d\u00e9lais par voie postale \u00e0 l\u2019adresse suivante SAS Triathlon 31 rue Fr\u00e9d\u00e9ric Joliot Curie 37550 Saint-Avertin accompagn\u00e9 d\u2019une copie de la commande<br>Les commandes pay\u00e9es par ch\u00e8que ne feront l\u2019objet d\u2019une prise en compte qu\u2019apr\u00e8s encaissement du ch\u00e8que, domicili\u00e9 aupr\u00e8s d\u2019une banque fran\u00e7aise.<\/p>\n\n\n\n<p class=\"has-text-color has-medium-font-size\" style=\"color:#02a69c\"><strong>Livraison :<\/strong><\/p>\n\n\n\n<p>Nous ne pouvons assurer l\u2019envoi des produits propos\u00e9s qu\u2019aux personnes domicili\u00e9es en France m\u00e9tropolitaine \u00e0 l\u2019adresse indiqu\u00e9e lors de la commande. Les d\u00e9lais ou la p\u00e9riode de livraison sont indiqu\u00e9s pour chaque produit au moment de la commande ; dans la mesure du possible, nous proc\u00e9dons \u00e0 un envoi group\u00e9. Les commandes seront donn\u00e9s lors des entrainements de la section ou en faisant appel \u00e0 la personne en charge de la gestion des tenues.<\/p>\n\n\n\n<p class=\"has-text-color has-medium-font-size\" style=\"color:#02a69c\"><strong>Droit de r\u00e9tractation :<\/strong><\/p>\n\n\n\n<p>En application de l\u2019article L121-17 I du code de la consommation, vous avez le droit de vous r\u00e9tracter de la pr\u00e9sente vente, sans donner de motif, dans un d\u00e9lai de quatorze jours.<br>Le d\u00e9lai de r\u00e9tractation expire quatorze jours apr\u00e8s le jour o\u00f9 vous-m\u00eame, ou un tiers autre que le transporteur et d\u00e9sign\u00e9 par vous, prend physiquement possession du bien(ou du dernier bien si plusieurs colis issus de la m\u00eame commande sont n\u00e9cessaires).<br>Pour exercer le droit de r\u00e9tractation, vous devez nous notifier \u00e0 [coordonn\u00e9es de l\u2019association] votre d\u00e9cision de r\u00e9tractation, au moyen d\u2019une d\u00e9claration d\u00e9nu\u00e9e d\u2019ambigu\u00eft\u00e9 (par exemple, lettre envoy\u00e9e par la poste, t\u00e9l\u00e9copie ou courrier \u00e9lectronique). Vous pouvez utiliser le mod\u00e8le de formulaire de r\u00e9tractation mais ce n\u2019est pas obligatoire (<a target=\"_blank\" href=\"https:\/\/www.service-public.fr\/particuliers\/vosdroits\/R38397\" rel=\"noreferrer noopener\">https:\/\/www.service-public.fr\/particuliers\/vosdroits\/R38397<\/a>)<br>Pour que le d\u00e9lai de r\u00e9tractation soit respect\u00e9, il suffit que vous transmettiez votre d\u00e9cision de r\u00e9tractation avant l\u2019expiration du d\u00e9lai de r\u00e9tractation.<\/p>\n\n\n\n<p class=\"has-black-color has-text-color\">Effets de r\u00e9tractation<br>En cas de r\u00e9tractation de votre part, nous vous rembourserons tous les paiements re\u00e7us de vous, y compris les frais de livraison (\u00e0 l\u2019exception des frais suppl\u00e9mentaires d\u00e9coulant du fait que vous avez choisi, le cas \u00e9ch\u00e9ant, un mode de livraison autre que le mode moins co\u00fbteux de livraison standard propos\u00e9 par nous).&nbsp;<br>Ce remboursement sera fait&nbsp; sans retard excessif et au plus tard quatorze jours \u00e0 compter du jour o\u00f9 nous sommes inform\u00e9s de votre d\u00e9cision de r\u00e9tractation.<br>Nous proc\u00e9derons au remboursement en utilisant le m\u00eame moyen de paiement que celui que vous aurez utilis\u00e9 pour la transaction initiale; en tout \u00e9tat de cause, ce remboursement n\u2019occasionnera pas de frais pour vous .Nous pouvons diff\u00e9rer le remboursement jusqu\u2019\u00e0 ce que nous ayons re\u00e7u le bien ou jusqu\u2019\u00e0 ce que vous ayez fourni une preuve d\u2019exp\u00e9dition du bien, la date retenue \u00e9tant celle du premier de ces faits<br>Vous devrez renvoyer ou rendre le bien, \u00e0 nous-m\u00eames sans retard excessif,&nbsp; au plus tard quatorze jours apr\u00e8s que vous nous aurez communiqu\u00e9 votre d\u00e9cision de r\u00e9tractation du pr\u00e9sent contrat. Ce d\u00e9lai est r\u00e9put\u00e9 respect\u00e9 si vous renvoyez le bien avant l\u2019expiration du d\u00e9lai de quatorze jours. Votre responsabilit\u00e9 n\u2019est engag\u00e9e qu\u2019\u00e0 l\u2019\u00e9gard de la d\u00e9pr\u00e9ciation du bien r\u00e9sultant de manipulations autres que celles n\u00e9cessaires pour \u00e9tablir la nature, les caract\u00e9ristiques et le bon fonctionnement de ce bien.&nbsp;<br>Vous devrez prendre en charge les frais directs de renvoi du bien.<\/p>\n\n\n\n<p class=\"has-text-color has-medium-font-size\" style=\"color:#02a69c\"><strong>Garanties :<\/strong><\/p>\n\n\n\n<p>En application du code de la consommation (article L211-4, L133-3 et R111-1), nous sommes garants de la conformit\u00e9 des produits command\u00e9s pendant les 2 ans qui suivent l\u2019achat. Vous devez nous pr\u00e9venir par courrier et nous envisagerons la r\u00e9paration, le remplacement ou le remboursement si les deux premi\u00e8res solutions ne peuvent \u00eatre mises en \u0153uvre<\/p>\n\n\n\n<p>(Les mentions concernant la garantie l\u00e9gale doivent figurer dans un encadr\u00e9)<br>La garantie des vices cach\u00e9s pr\u00e9vues aux articles 1641 \u00e0 1648 et 2232du code civil s\u2019applique \u00e9galement.<br>Ces garanties s\u2019appliquent sans pr\u00e9judice du droit de r\u00e9tractation.<\/p>\n\n\n\n<p class=\"has-text-color has-medium-font-size\" style=\"color:#02a69c\"><strong>R\u00e9clamations :<\/strong><\/p>\n\n\n\n<p>Vos r\u00e9clamations concernant votre commande sont \u00e0 adresser \u00e0<br>contact@sastriathlon37.com<br>Si la r\u00e9ponse que nous vous apportons ne vous satisfait pas, vous pouvez contacter la plateforme de r\u00e8glement des litiges en ligne mise en place par la commission europ\u00e9enne.<br><a rel=\"noreferrer noopener\" target=\"_blank\" href=\"https:\/\/webgate.ec.europa.eu\/odr\/main\/index.cfm?event=main.adr.show\">https:\/\/webgate.ec.europa.eu\/odr\/main\/index.cfm?event=main.adr.show<\/a><\/p>\n\n\n\n<p class=\"has-text-color has-medium-font-size\" style=\"color:#02a69c\"><strong>M\u00e9diation :<\/strong><\/p>\n\n\n\n<p>Conform\u00e9ment au d\u00e9cret du 30 octobre 2015, vous pouvez recourir \u00e0 un service de m\u00e9diation&nbsp; ; des informations compl\u00e9mentaires vous seront donn\u00e9es&nbsp; sur le site suivant :&nbsp;<a target=\"_blank\" href=\"http:\/\/www.economie.gouv.fr\/mediation-conso.\" rel=\"noreferrer noopener\">http:\/\/www.economie.gouv.fr\/mediation-conso.<\/a><\/p>\n\n\n\n<p class=\"has-text-color has-medium-font-size\" style=\"color:#02a69c\"><strong>Loi applicable et juridiction :<\/strong><\/p>\n\n\n\n<p>Les \u00e9ventuels litiges survenant \u00e0 l\u2019occasion de votre commande sont r\u00e9gis par les tribunaux fran\u00e7ais selon la loi fran\u00e7aise.&nbsp;<\/p>\n\n\n\n<p>Le tribunal comp\u00e9tant sera le tribunal de Tours<\/p>\n\n\n\n<p><\/p>\n","protected":false},"excerpt":{"rendered":"<p>La section triathlon de l\u2019association Saint Avertin Sport propose \u00e0 la vente des produits destin\u00e9s \u00e0 la pratique du triathlon.Les offres sont valables dans la limite des stocks disponibles et pour autant qu\u2019elles figurent sur le site.La vente n\u2019est propos\u00e9e que pour les adh\u00e9rents de la section triathlon du Saint-Avertin-Sports.En passant commande sur le site, <a class=\"read-more\" href=\"https:\/\/boutique.sastriathlon37.com\/index.php\/politique-de-confidentialite\/\">READ MORE<\/a><\/p>\n","protected":false},"author":1,"featured_media":0,"parent":0,"menu_order":0,"comment_status":"closed","ping_status":"open","template":"","meta":{"footnotes":""},"jetpack_sharing_enabled":true,"_links":{"self":[{"href":"https:\/\/boutique.sastriathlon37.com\/index.php\/wp-json\/wp\/v2\/pages\/3"}],"collection":[{"href":"https:\/\/boutique.sastriathlon37.com\/index.php\/wp-json\/wp\/v2\/pages"}],"about":[{"href":"https:\/\/boutique.sastriathlon37.com\/index.php\/wp-json\/wp\/v2\/types\/page"}],"author":[{"embeddable":true,"href":"https:\/\/boutique.sastriathlon37.com\/index.php\/wp-json\/wp\/v2\/users\/1"}],"replies":[{"embeddable":true,"href":"https:\/\/boutique.sastriathlon37.com\/index.php\/wp-json\/wp\/v2\/comments?post=3"}],"version-history":[{"count":3,"href":"https:\/\/boutique.sastriathlon37.com\/index.php\/wp-json\/wp\/v2\/pages\/3\/revisions"}],"predecessor-version":[{"id":325,"href":"https:\/\/boutique.sastriathlon37.com\/index.php\/wp-json\/wp\/v2\/pages\/3\/revisions\/325"}],"wp:attachment":[{"href":"https:\/\/boutique.sastriathlon37.com\/index.php\/wp-json\/wp\/v2\/media?parent=3"}],"curies":[{"name":"wp","href":"https:\/\/api.w.org\/{rel}","templated":true}]}}