{"id":108,"date":"2020-11-23T07:04:58","date_gmt":"2020-11-23T06:04:58","guid":{"rendered":"http:\/\/boutique.sastriathlon37.com\/?post_type=product&#038;p=108"},"modified":"2025-12-06T13:35:12","modified_gmt":"2025-12-06T12:35:12","slug":"trifonction-courte-distance-femme-et-jeune-florida","status":"publish","type":"product","link":"https:\/\/boutique.sastriathlon37.com\/index.php\/produit\/trifonction-courte-distance-femme-et-jeune-florida\/","title":{"rendered":"Trifonction courte distance femme et jeune &#8211; FLORIDA"},"content":{"rendered":"<p>La combinaison <strong>femme FLORIDA<\/strong> a \u00e9t\u00e9 sp\u00e9cialement con\u00e7ue pour celles qui aiment et pratiquent le <strong>triathlon<\/strong>.<br \/>\nCette\u00a0<strong>trifonction<\/strong> est adapt\u00e9e \u00e0 la morphologie des femmes et est \u00e9quip\u00e9e d&rsquo;une <strong>brassi\u00e8re int\u00e9gr\u00e9e<\/strong> afin de bien maintenir la poitrine. Sa mati\u00e8re en Lycra est tr\u00e8s confortable et son traitement DWR<strong>\u00ae<\/strong> permettra \u00e0 l&rsquo;eau de glisser plus efficacement qu&rsquo;une combinaison classique.<\/p>\n<ul>\n<li><strong>Coupe pr\u00e8s du corps<\/strong>\u00a0\u00e9pousant parfaitement la morphologie f\u00e9minine<\/li>\n<li>Mati\u00e8re<strong>\u00a0l\u00e9g\u00e8re, extensible et respirante<\/strong>\u00a0avec la technologie Lycra Sport\u00ae 210gr\u00a0sur la base unie du cuissard<\/li>\n<li><strong>Mati\u00e8re traitement hydrofuge DWR\u00ae<\/strong>\u00a0sur le devant, dos et c\u00f4t\u00e9s du cuissard en\u00a0maille polyester\/\u00e9lasthanne\u00a0<strong>220g<\/strong><\/li>\n<li><strong>Brassi\u00e8re int\u00e9gr\u00e9e<\/strong> soutenant convenablement la poitrine<\/li>\n<li>Bandeau \u00e9lastique bas de cuissard avec silicone qui maintient le muscle<\/li>\n<li>Finitions Biais lycra aux\u00a0emmanchures et encolure\u00a0en colletage uni<\/li>\n<li>Fermeture 30 cm zip autobloquant YKK\u00ae\u00a0<strong>garantie 1 an<\/strong>,\u00a0avec protection sous zip<\/li>\n<li>Montage<strong>\u00a0coutures plates pour \u00e9viter les irritations<\/strong><\/li>\n<li>3 petites poches dos plaqu\u00e9es (2 poches sur tailles 3XS, 2XS et XS)<\/li>\n<\/ul>\n<p><a href=\"http:\/\/boutique.sastriathlon37.com\/wp-content\/uploads\/2025\/01\/Guide_des_tailles_POLI_sept_2023.pdf\" target=\"_blank\" rel=\"noopener\">Consultez le guide des tailles <\/a><\/p>\n<p><a href=\"http:\/\/boutique.sastriathlon37.com\/wp-content\/uploads\/2025\/01\/Guide_des_tailles_POLI_sept_2023.pdf\" target=\"_blank\" rel=\"noopener\"><img decoding=\"async\" loading=\"lazy\" class=\"alignnone wp-image-995 size-medium\" src=\"http:\/\/boutique.sastriathlon37.com\/wp-content\/uploads\/2020\/11\/guide-tailles-femmes-300x192.jpg\" alt=\"\" width=\"300\" height=\"192\" srcset=\"https:\/\/boutique.sastriathlon37.com\/wp-content\/uploads\/2020\/11\/guide-tailles-femmes-300x192.jpg 300w, https:\/\/boutique.sastriathlon37.com\/wp-content\/uploads\/2020\/11\/guide-tailles-femmes-1024x657.jpg 1024w, https:\/\/boutique.sastriathlon37.com\/wp-content\/uploads\/2020\/11\/guide-tailles-femmes-768x493.jpg 768w, https:\/\/boutique.sastriathlon37.com\/wp-content\/uploads\/2020\/11\/guide-tailles-femmes-1536x985.jpg 1536w, https:\/\/boutique.sastriathlon37.com\/wp-content\/uploads\/2020\/11\/guide-tailles-femmes-600x385.jpg 600w, https:\/\/boutique.sastriathlon37.com\/wp-content\/uploads\/2020\/11\/guide-tailles-femmes.jpg 1840w\" sizes=\"(max-width: 300px) 100vw, 300px\" \/><\/a><\/p>\n","protected":false},"excerpt":{"rendered":"<p>La combinaison femme FLORIDA a \u00e9t\u00e9 sp\u00e9cialement con\u00e7ue pour celles qui aiment et pratiquent le triathlon. Cette\u00a0trifonction est adapt\u00e9e \u00e0 la morphologie des femmes et est \u00e9quip\u00e9e d&rsquo;une brassi\u00e8re int\u00e9gr\u00e9e afin de bien maintenir la poitrine. Sa mati\u00e8re en Lycra est tr\u00e8s confortable et son traitement DWR\u00ae permettra \u00e0 l&rsquo;eau de glisser plus efficacement qu&rsquo;une <a class=\"read-more\" href=\"https:\/\/boutique.sastriathlon37.com\/index.php\/produit\/trifonction-courte-distance-femme-et-jeune-florida\/\">READ MORE<\/a><\/p>\n","protected":false},"featured_media":663,"template":"","meta":[],"product_cat":[16,19,17,26],"product_tag":[],"jetpack_sharing_enabled":true,"_links":{"self":[{"href":"https:\/\/boutique.sastriathlon37.com\/index.php\/wp-json\/wp\/v2\/product\/108"}],"collection":[{"href":"https:\/\/boutique.sastriathlon37.com\/index.php\/wp-json\/wp\/v2\/product"}],"about":[{"href":"https:\/\/boutique.sastriathlon37.com\/index.php\/wp-json\/wp\/v2\/types\/product"}],"wp:featuredmedia":[{"embeddable":true,"href":"https:\/\/boutique.sastriathlon37.com\/index.php\/wp-json\/wp\/v2\/media\/663"}],"wp:attachment":[{"href":"https:\/\/boutique.sastriathlon37.com\/index.php\/wp-json\/wp\/v2\/media?parent=108"}],"wp:term":[{"taxonomy":"product_cat","embeddable":true,"href":"https:\/\/boutique.sastriathlon37.com\/index.php\/wp-json\/wp\/v2\/product_cat?post=108"},{"taxonomy":"product_tag","embeddable":true,"href":"https:\/\/boutique.sastriathlon37.com\/index.php\/wp-json\/wp\/v2\/product_tag?post=108"}],"curies":[{"name":"wp","href":"https:\/\/api.w.org\/{rel}","templated":true}]}}