{"id":1123,"date":"2025-11-08T10:55:48","date_gmt":"2025-11-08T09:55:48","guid":{"rendered":"https:\/\/boutique.sastriathlon37.com\/?post_type=product&#038;p=1123"},"modified":"2025-11-08T12:31:43","modified_gmt":"2025-11-08T11:31:43","slug":"bonnet-natation-unisexe-taille-unique","status":"publish","type":"product","link":"https:\/\/boutique.sastriathlon37.com\/index.php\/produit\/bonnet-natation-unisexe-taille-unique\/","title":{"rendered":"Bonnet Natation Unisexe taille unique"},"content":{"rendered":"<p>Bonnet de bain con\u00e7u pour prot\u00e9ger les cheveux du chlore et r\u00e9duire la tra\u00een\u00e9e. Mati\u00e8re en silicone extensible et bord renforc\u00e9 pour allier confort et maintien.<\/p>\n","protected":false},"excerpt":{"rendered":"<p>Bonnet de bain con\u00e7u pour prot\u00e9ger les cheveux du chlore et r\u00e9duire la tra\u00een\u00e9e. Mati\u00e8re en silicone extensible et bord renforc\u00e9 pour allier confort et maintien.<\/p>\n","protected":false},"featured_media":1124,"template":"","meta":[],"product_cat":[31,19,17,18],"product_tag":[],"jetpack_sharing_enabled":true,"_links":{"self":[{"href":"https:\/\/boutique.sastriathlon37.com\/index.php\/wp-json\/wp\/v2\/product\/1123"}],"collection":[{"href":"https:\/\/boutique.sastriathlon37.com\/index.php\/wp-json\/wp\/v2\/product"}],"about":[{"href":"https:\/\/boutique.sastriathlon37.com\/index.php\/wp-json\/wp\/v2\/types\/product"}],"wp:featuredmedia":[{"embeddable":true,"href":"https:\/\/boutique.sastriathlon37.com\/index.php\/wp-json\/wp\/v2\/media\/1124"}],"wp:attachment":[{"href":"https:\/\/boutique.sastriathlon37.com\/index.php\/wp-json\/wp\/v2\/media?parent=1123"}],"wp:term":[{"taxonomy":"product_cat","embeddable":true,"href":"https:\/\/boutique.sastriathlon37.com\/index.php\/wp-json\/wp\/v2\/product_cat?post=1123"},{"taxonomy":"product_tag","embeddable":true,"href":"https:\/\/boutique.sastriathlon37.com\/index.php\/wp-json\/wp\/v2\/product_tag?post=1123"}],"curies":[{"name":"wp","href":"https:\/\/api.w.org\/{rel}","templated":true}]}}