{"id":73,"date":"2020-11-22T20:39:03","date_gmt":"2020-11-22T19:39:03","guid":{"rendered":"http:\/\/boutique.sastriathlon37.com\/?post_type=product&#038;p=73"},"modified":"2026-04-04T07:43:24","modified_gmt":"2026-04-04T05:43:24","slug":"trifonction-longue-distance-mixte-lanza","status":"publish","type":"product","link":"https:\/\/boutique.sastriathlon37.com\/index.php\/produit\/trifonction-longue-distance-mixte-lanza\/","title":{"rendered":"Trifonction longue distance mixte &#8211; ZACH"},"content":{"rendered":"<p>La ZACH manches courtes est une<strong> combinaison trifonction<\/strong>.\u00a0Ses d\u00e9coupes, ses formes et ses mati\u00e8res techniques en font un <strong>produit exceptionnel<\/strong> et recherch\u00e9 par les triathl\u00e8tes. Sa mati\u00e8re <strong>confortable effet \u00ab\u00a0seconde peau\u00a0\u00bb<\/strong> offre un <strong>s\u00e9chage utra-rapide<\/strong> d\u00e8s la sortie de l&rsquo;eau. Dot\u00e9 d&rsquo;une<strong> grande souplesse<\/strong> et d&rsquo;un <strong>a\u00e9rodynamisme<\/strong> hors pair, cette combinaison de triathlon r\u00e9v\u00e8le le meilleur de vous-m\u00eame.<\/p>\n<ul>\n<li>Coupe <strong>pr\u00e8s du corps<\/strong> \u00e9pousant parfaitement votre morphologie<\/li>\n<li>Seconde peau &#8211; Poids plume &#8211; S\u00e9chage tr\u00e8s rapide &#8211; R\u00e9sistant au chlore \u2013 Hydrophobe<\/li>\n<li>Mati\u00e8re du cuissard unie (plusieurs couleurs au choix) de tr\u00e8s haute performance avec <strong>technologie Aquatech\u00ae trait\u00e9 DryTech-C6<\/strong><\/li>\n<li>Mati\u00e8re du cuissard et buste personnalisable par sublimation avec la <strong>Technologie XTENS Lycra Sport\u00ae 210g trait\u00e9 DWR\u00ae<\/strong><\/li>\n<li>3 Poches dos<\/li>\n<li>Dessous-bras en maille a\u00e9r\u00e9e extensible<\/li>\n<li>Fermeture \u00e0 l&rsquo;avant de 35cm avec zip autobloquant YKK\u00ae garantie 1 an<\/li>\n<li>Bandeau \u00e9lastique bas de cuissard avec silicone qui maintient le muscle<\/li>\n<\/ul>\n<p><a href=\"http:\/\/boutique.sastriathlon37.com\/wp-content\/uploads\/2020\/11\/guide-taille-poli.jpg\" target=\"_blank\" rel=\"noopener\">Consultez le guide des tailles <\/a><\/p>\n<p><img decoding=\"async\" loading=\"lazy\" class=\"alignnone size-medium wp-image-1049\" src=\"http:\/\/boutique.sastriathlon37.com\/wp-content\/uploads\/2020\/11\/guide-taille-poli-300x264.jpg\" alt=\"\" width=\"300\" height=\"264\" srcset=\"https:\/\/boutique.sastriathlon37.com\/wp-content\/uploads\/2020\/11\/guide-taille-poli-300x264.jpg 300w, https:\/\/boutique.sastriathlon37.com\/wp-content\/uploads\/2020\/11\/guide-taille-poli-768x675.jpg 768w, https:\/\/boutique.sastriathlon37.com\/wp-content\/uploads\/2020\/11\/guide-taille-poli-600x527.jpg 600w, https:\/\/boutique.sastriathlon37.com\/wp-content\/uploads\/2020\/11\/guide-taille-poli.jpg 900w\" sizes=\"(max-width: 300px) 100vw, 300px\" \/><\/p>\n","protected":false},"excerpt":{"rendered":"<p>La ZACH manches courtes est une combinaison trifonction.\u00a0Ses d\u00e9coupes, ses formes et ses mati\u00e8res techniques en font un produit exceptionnel et recherch\u00e9 par les triathl\u00e8tes. Sa mati\u00e8re confortable effet \u00ab\u00a0seconde peau\u00a0\u00bb offre un s\u00e9chage utra-rapide d\u00e8s la sortie de l&rsquo;eau. Dot\u00e9 d&rsquo;une grande souplesse et d&rsquo;un a\u00e9rodynamisme hors pair, cette combinaison de triathlon r\u00e9v\u00e8le le <a class=\"read-more\" href=\"https:\/\/boutique.sastriathlon37.com\/index.php\/produit\/trifonction-longue-distance-mixte-lanza\/\">READ MORE<\/a><\/p>\n","protected":false},"featured_media":1069,"template":"","meta":[],"product_cat":[31,17,18,26],"product_tag":[],"jetpack_sharing_enabled":true,"_links":{"self":[{"href":"https:\/\/boutique.sastriathlon37.com\/index.php\/wp-json\/wp\/v2\/product\/73"}],"collection":[{"href":"https:\/\/boutique.sastriathlon37.com\/index.php\/wp-json\/wp\/v2\/product"}],"about":[{"href":"https:\/\/boutique.sastriathlon37.com\/index.php\/wp-json\/wp\/v2\/types\/product"}],"wp:featuredmedia":[{"embeddable":true,"href":"https:\/\/boutique.sastriathlon37.com\/index.php\/wp-json\/wp\/v2\/media\/1069"}],"wp:attachment":[{"href":"https:\/\/boutique.sastriathlon37.com\/index.php\/wp-json\/wp\/v2\/media?parent=73"}],"wp:term":[{"taxonomy":"product_cat","embeddable":true,"href":"https:\/\/boutique.sastriathlon37.com\/index.php\/wp-json\/wp\/v2\/product_cat?post=73"},{"taxonomy":"product_tag","embeddable":true,"href":"https:\/\/boutique.sastriathlon37.com\/index.php\/wp-json\/wp\/v2\/product_tag?post=73"}],"curies":[{"name":"wp","href":"https:\/\/api.w.org\/{rel}","templated":true}]}}